{"id":212,"date":"2018-04-29T18:11:16","date_gmt":"2018-04-29T18:11:16","guid":{"rendered":"https:\/\/www.aeropuertodepuertomontt.cl\/?page_id=212"},"modified":"2026-04-02T12:13:55","modified_gmt":"2026-04-02T15:13:55","slug":"quienes-somos","status":"publish","type":"page","link":"https:\/\/aeropuertodepuertomontt.cl\/en\/quienes-somos\/","title":{"rendered":"About us"},"content":{"rendered":"<section class=\"wpb-content-wrapper\"><p>[vc_row full_width=&#8221;stretch_row_content&#8221; css=&#8221;.vc_custom_1525024255825{margin-top: 0px !important;margin-bottom: 0px !important;padding-top: 0px !important;padding-bottom: 0px !important;}&#8221;][vc_column css=&#8221;.vc_custom_1524929008550{margin-top: 0px !important;padding-top: 0px !important;padding-right: 0px !important;padding-left: 0px !important;}&#8221;][vc_row_inner css=&#8221;.vc_custom_1525025096095{margin-top: 40px !important;margin-bottom: 0px !important;padding-top: 0px !important;padding-right: 20px !important;padding-bottom: 0px !important;padding-left: 0px !important;}&#8221;][vc_column_inner el_class=&#8221;about-us&#8221; width=&#8221;1\/4&#8243; css=&#8221;.vc_custom_1533239806787{margin-top: 0px !important;margin-right: 0px !important;margin-bottom: 0px !important;padding-top: 0px !important;padding-right: 0px !important;padding-bottom: 0px !important;padding-left: 0px !important;}&#8221; el_id=&#8221;about-us&#8221;][vc_column_text css=&#8221;.vc_custom_1533239288290{margin-bottom: 0px !important;padding-bottom: 0px !important;}&#8221;]<a href=\"https:\/\/www.aeropuertodepuertomontt.cl\/tiempo\/\" rel=\"noopener\"><img loading=\"lazy\" decoding=\"async\" class=\"alignnone size-full wp-image-62\" src=\"https:\/\/www.aeropuertodepuertomontt.cl\/wp-content\/uploads\/2018\/08\/Botones_Espanol_tepual-01.svg\" alt=\"\" width=\"395\" height=\"210\" \/><\/a>[\/vc_column_text][vc_column_text css=&#8221;.vc_custom_1533239368147{margin-top: 0px !important;margin-bottom: 0px !important;padding-top: 0px !important;padding-bottom: 0px !important;}&#8221;]<a href=\"https:\/\/www.aeropuertodepuertomontt.cl\/galeria\/\"><img loading=\"lazy\" decoding=\"async\" class=\"alignnone size-full wp-image-62\" src=\"https:\/\/www.aeropuertodepuertomontt.cl\/wp-content\/uploads\/2018\/08\/Botones_Espanol_tepual-05.svg\" alt=\"\" width=\"395\" height=\"210\" \/><\/a>[\/vc_column_text][vc_column_text css=&#8221;.vc_custom_1533323774944{margin-top: 0px !important;margin-bottom: 0px !important;padding-top: 0px !important;padding-bottom: 0px !important;}&#8221;]<a href=\"https:\/\/www.aeropuertodepuertomontt.cl\/resena-del-aeropuerto-de-puerto-montt\/\"><img loading=\"lazy\" decoding=\"async\" class=\"alignnone wp-image-128 size-full\" src=\"https:\/\/www.aeropuertodepuertomontt.cl\/wp-content\/uploads\/2018\/08\/Botones_Espanol_tepual-06.svg\" alt=\"\" width=\"395\" height=\"210\" \/><\/a>[\/vc_column_text][vc_column_text css=&#8221;.vc_custom_1533239408386{margin-top: 0px !important;margin-bottom: 0px !important;padding-top: 0px !important;padding-bottom: 0px !important;}&#8221;]<a href=\"https:\/\/www.aeropuertodepuertomontt.cl\/preguntas-frecuentes\/\"><img loading=\"lazy\" decoding=\"async\" class=\"alignnone wp-image-56 size-full\" src=\"https:\/\/www.aeropuertodepuertomontt.cl\/wp-content\/uploads\/2018\/08\/Botones_Espanol_tepual-03.svg\" alt=\"\" width=\"395\" height=\"210\" \/><\/a>[\/vc_column_text][vc_column_text css=&#8221;.vc_custom_1533239428729{margin-top: 0px !important;margin-bottom: 0px !important;padding-top: 0px !important;padding-bottom: 0px !important;}&#8221;]<a href=\"https:\/\/www.aeropuertodepuertomontt.cl\/conoce-el-aeropuerto\/\"><img loading=\"lazy\" decoding=\"async\" class=\"alignnone wp-image-73 size-full\" src=\"https:\/\/www.aeropuertodepuertomontt.cl\/wp-content\/uploads\/2018\/08\/Botones_Espanol_tepual-02.svg\" alt=\"\" width=\"395\" height=\"210\" \/><\/a>[\/vc_column_text][vc_column_text css=&#8221;.vc_custom_1533239445977{margin-top: 0px !important;margin-bottom: 0px !important;padding-top: 0px !important;padding-bottom: 0px !important;}&#8221;]<a href=\"https:\/\/www.aeropuertodepuertomontt.cl\/como-llegar\/\"><img loading=\"lazy\" decoding=\"async\" class=\"alignnone wp-image-78 size-full\" src=\"https:\/\/www.aeropuertodepuertomontt.cl\/wp-content\/uploads\/2018\/08\/Botones_Espanol_tepual-04.svg\" alt=\"\" width=\"395\" height=\"210\" \/><\/a>[\/vc_column_text][\/vc_column_inner][vc_column_inner el_class=&#8221;wrap-about-us&#8221; width=&#8221;3\/4&#8243; el_id=&#8221;wrap-about-us&#8221;][vc_column_text css=&#8221;.vc_custom_1525025401820{margin-bottom: 0px !important;}&#8221;]<\/p>\n<h1 style=\"font-size: 30px; color: #003764; text-transform: uppercase; font-weight: 600;\">Quienes Somos<\/h1>\n<p>[\/vc_column_text][vc_separator color=&#8221;juicy_pink&#8221; align=&#8221;align_left&#8221; border_width=&#8221;2&#8243; el_width=&#8221;20&#8243; css=&#8221;.vc_custom_1525025012605{margin-top: 10px !important;}&#8221;][vc_column_text css=&#8221;.vc_custom_1529594238694{margin-bottom: 30px !important;}&#8221;]<img loading=\"lazy\" decoding=\"async\" class=\"alignleft wp-image-906 size-full\" src=\"https:\/\/www.aeropuertodepuertomontt.cl\/wp-content\/uploads\/2018\/06\/quienes-somos.png\" alt=\"\" width=\"3360\" height=\"879\" srcset=\"https:\/\/aeropuertodepuertomontt.cl\/wp-content\/uploads\/2018\/06\/quienes-somos.png 817w, https:\/\/aeropuertodepuertomontt.cl\/wp-content\/uploads\/2018\/06\/quienes-somos-300x78.png 300w, https:\/\/aeropuertodepuertomontt.cl\/wp-content\/uploads\/2018\/06\/quienes-somos-768x200.png 768w, https:\/\/aeropuertodepuertomontt.cl\/wp-content\/uploads\/2018\/06\/quienes-somos-260x68.png 260w, https:\/\/aeropuertodepuertomontt.cl\/wp-content\/uploads\/2018\/06\/quienes-somos-50x13.png 50w, https:\/\/aeropuertodepuertomontt.cl\/wp-content\/uploads\/2018\/06\/quienes-somos-150x39.png 150w\" sizes=\"auto, (max-width: 3360px) 100vw, 3360px\" \/>[\/vc_column_text][vc_column_text css=&#8221;.vc_custom_1709670521645{margin-top: 40px !important;}&#8221;]<\/p>\n<p align=\"justify\">Mediante el Decreto Supremo No. 26 del 1 de marzo de 2018, el Ministerio de Obras P\u00fablicas adjudic\u00f3 al Consorcio Sacyr-Agunsa el Contrato de Concesi\u00f3n para la ejecuci\u00f3n, reparaci\u00f3n, conservaci\u00f3n y explotaci\u00f3n de las obras p\u00fablicas fiscales denominado &#8220;Puerto El Tepual de Montt&#8221;.<\/p>\n<p>El 16 de abril de 2018 se constituy\u00f3 la Sociedad Concesionaria Aeropuerto del Sur SA. El objeto de esta empresa es la construcci\u00f3n, conservaci\u00f3n y explotaci\u00f3n de las obras p\u00fablicas indicadas, a trav\u00e9s del Sistema de Concesiones, realizando la prestaci\u00f3n y explotaci\u00f3n de los servicios aeron\u00e1uticos y no servicios aeron\u00e1uticos asociados, y el uso y disfrute de los bienes de uso nacional, p\u00fablico o fiscal, destinado a desarrollar el trabajo entregado en concesi\u00f3n y las \u00e1reas y servicios acordados.<\/p>\n<p>Las empresas que constituyen la Sociedad Concesionaria Aeropuerto del Sur S.A., participan en ella seg\u00fan los siguientes porcentajes: Sacyr: 62.5% Agunsa: 37.5%<\/p>\n<p>&nbsp;<\/p>\n<ul class=\"ak-ul\" data-indent-level=\"1\">\n<li>\n<p data-renderer-start-pos=\"264\"><a href=\"\/wp-content\/uploads\/2024\/03\/SOC.-CONCESIONARIA-AEROPUERTO-DEL-SUR-S.A.-ISO-9001-renov.pdf\">Pol\u00edtica de calidad<\/a><\/p>\n<\/li>\n<li>\n<p data-renderer-start-pos=\"350\"><a href=\"https:\/\/www.aeropuertodepuertomontt.cl\/wp-content\/uploads\/2020\/12\/D-SGI-02_Pol\u00edtica-Ambiental-v2.pdf\">Pol\u00edtica ambiental<\/a><\/p>\n<\/li>\n<li>\n<p data-renderer-start-pos=\"434\"><a href=\"https:\/\/www.aeropuertodepuertomontt.cl\/wp-content\/uploads\/2020\/12\/Certif-SCADS-ISO-9001.pdf\">Certificaci\u00f3n de Calidad<\/a><\/p>\n<\/li>\n<li>\n<p data-renderer-start-pos=\"515\"><a href=\"\/wp-content\/uploads\/2024\/03\/SOC.-CONCESIONARIA-AEROPUERTO-DEL-SUR-S.A.-ISO-14001-renov.pdf\">Certificaci\u00f3n Ambiental<\/a><\/p>\n<\/li>\n<\/ul>\n<p>[\/vc_column_text][\/vc_column_inner][\/vc_row_inner][\/vc_column][\/vc_row][vc_row full_width=&#8221;stretch_row_content&#8221; css=&#8221;.vc_custom_1525004677653{background-color: #e0e1e6 !important;}&#8221;][vc_column width=&#8221;1\/4&#8243;][vc_column_text]<\/p>\n<div style=\"width: 200px;\">\n<div style=\"float: left; margin-right: 2px;\"><img loading=\"lazy\" decoding=\"async\" class=\"alignnone size-full wp-image-138\" style=\"width: 80%; vertical-align: text-top;\" src=\"https:\/\/www.aeropuertodepuertomontt.cl\/wp-content\/uploads\/2018\/04\/icon-phone-1.png\" alt=\"\" width=\"44\" height=\"42\" \/><\/div>\n<div style=\"float: left; margin: 0px;\">\n<p style=\"margin: 0px;\">Mes\u00f3n de informaciones<\/p>\n<p style=\"margin: 0px;\">(56 65) 229 4161<\/p>\n<p style=\"margin: 0px;\">+56 9 7806 7263<\/p>\n<\/div>\n<\/div>\n<p>[\/vc_column_text][\/vc_column][vc_column width=&#8221;1\/4&#8243;][vc_column_text]<\/p>\n<div style=\"width: 262px;\">\n<div style=\"float: left; margin-right: 10px;\"><img loading=\"lazy\" decoding=\"async\" style=\"width: 80%;\" src=\"https:\/\/www.aeropuertodepuertomontt.cl\/wp-content\/uploads\/2018\/04\/location-icon.png\" alt=\"\" width=\"44\" height=\"42\" \/><\/div>\n<div style=\"float: left; margin: 0px;\">\n<p style=\"margin: 0px;\">Edificio Terminal de pasajeros,<\/p>\n<p style=\"margin: 0px;\">Aeropuerto El Tepual Puerto Montt<\/p>\n<p style=\"margin: 0px;\">Regi\u00f3n de los Lagos, Chile.<\/p>\n<\/div>\n<\/div>\n<p>[\/vc_column_text][\/vc_column][vc_column width=&#8221;1\/4&#8243;][vc_btn title=&#8221;Canal \u00c9tico&#8221; align=&#8221;center&#8221; link=&#8221;url:https%3A%2F%2Fsacyr.com%2Fcanal-etico&#8221;][\/vc_column][vc_column width=&#8221;1\/4&#8243;][vc_column_text]<img loading=\"lazy\" decoding=\"async\" class=\"wp-image-187 size-full aligncenter\" src=\"https:\/\/aeropuertodepuertomontt.cl\/wp-content\/uploads\/2024\/04\/logos-footer.png\" alt=\"\" width=\"424\" height=\"73\" \/>[\/vc_column_text][vc_column_text]<\/p>\n<div><a style=\"float: right; padding-right: 20px; text-decoration: none; color: #626262;\" href=\"https:\/\/www.aipchile.gob.cl\/\">AIP CHILE DGAC<\/a><\/div>\n<p>[\/vc_column_text][\/vc_column][\/vc_row]<\/p>\n<\/section>","protected":false},"excerpt":{"rendered":"<p>[vc_row full_width=&#8221;stretch_row_content&#8221; css=&#8221;.vc_custom_1525024255825{margin-top: 0px !important;margin-bottom: 0px !important;padding-top: 0px !important;padding-bottom: 0px !important;}&#8221;][vc_column css=&#8221;.vc_custom_1524929008550{margin-top: 0px !important;padding-top: 0px !important;padding-right: 0px !important;padding-left: 0px !important;}&#8221;][vc_row_inner css=&#8221;.vc_custom_1525025096095{margin-top: 40px !important;margin-bottom: 0px !important;padding-top: 0px<span class=\"excerpt-hellip\"> [\u2026]<\/span><\/p>\n","protected":false},"author":1004,"featured_media":0,"parent":0,"menu_order":0,"comment_status":"closed","ping_status":"open","template":"","meta":{"footnotes":""},"class_list":["post-212","page","type-page","status-publish","hentry"],"_links":{"self":[{"href":"https:\/\/aeropuertodepuertomontt.cl\/en\/wp-json\/wp\/v2\/pages\/212","targetHints":{"allow":["GET"]}}],"collection":[{"href":"https:\/\/aeropuertodepuertomontt.cl\/en\/wp-json\/wp\/v2\/pages"}],"about":[{"href":"https:\/\/aeropuertodepuertomontt.cl\/en\/wp-json\/wp\/v2\/types\/page"}],"author":[{"embeddable":true,"href":"https:\/\/aeropuertodepuertomontt.cl\/en\/wp-json\/wp\/v2\/users\/1004"}],"replies":[{"embeddable":true,"href":"https:\/\/aeropuertodepuertomontt.cl\/en\/wp-json\/wp\/v2\/comments?post=212"}],"version-history":[{"count":49,"href":"https:\/\/aeropuertodepuertomontt.cl\/en\/wp-json\/wp\/v2\/pages\/212\/revisions"}],"predecessor-version":[{"id":2241,"href":"https:\/\/aeropuertodepuertomontt.cl\/en\/wp-json\/wp\/v2\/pages\/212\/revisions\/2241"}],"wp:attachment":[{"href":"https:\/\/aeropuertodepuertomontt.cl\/en\/wp-json\/wp\/v2\/media?parent=212"}],"curies":[{"name":"wp","href":"https:\/\/api.w.org\/{rel}","templated":true}]}}