{"id":901,"date":"2018-06-21T15:53:48","date_gmt":"2018-06-21T15:53:48","guid":{"rendered":"https:\/\/www.aeropuertodepuertomontt.cl\/?page_id=901"},"modified":"2026-04-02T12:17:23","modified_gmt":"2026-04-02T15:17:23","slug":"resena-del-aeropuerto-de-puerto-montt","status":"publish","type":"page","link":"https:\/\/aeropuertodepuertomontt.cl\/en\/resena-del-aeropuerto-de-puerto-montt\/","title":{"rendered":"Rese\u00f1a del Aeropuerto de Puerto Montt"},"content":{"rendered":"<section class=\"wpb-content-wrapper\"><p>[vc_row full_width=&#8221;stretch_row_content&#8221; css=&#8221;.vc_custom_1525024255825{margin-top: 0px !important;margin-bottom: 0px !important;padding-top: 0px !important;padding-bottom: 0px !important;}&#8221;][vc_column css=&#8221;.vc_custom_1532699113036{margin-top: 0px !important;padding-top: 0px !important;padding-right: 0px !important;padding-left: 0px !important;}&#8221; el_id=&#8221;wrap-rese\u00f1a&#8221; el_class=&#8221;wrap-rese\u00f1a&#8221;][vc_row_inner css=&#8221;.vc_custom_1525025096095{margin-top: 40px !important;margin-bottom: 0px !important;padding-top: 0px !important;padding-right: 20px !important;padding-bottom: 0px !important;padding-left: 0px !important;}&#8221;][vc_column_inner el_class=&#8221;about-us&#8221; width=&#8221;1\/4&#8243; css=&#8221;.vc_custom_1533323129060{margin-top: 0px !important;margin-right: 0px !important;margin-bottom: 0px !important;padding-top: 0px !important;padding-right: 0px !important;padding-bottom: 0px !important;padding-left: 0px !important;}&#8221; el_id=&#8221;about-us&#8221;][vc_column_text css=&#8221;.vc_custom_1533323748981{margin-bottom: 0px !important;padding-bottom: 0px !important;}&#8221;]<a href=\"https:\/\/www.aeropuertodepuertomontt.cl\/tiempo\/\" rel=\"noopener\"><img loading=\"lazy\" decoding=\"async\" class=\"alignnone size-full wp-image-62\" src=\"https:\/\/www.aeropuertodepuertomontt.cl\/wp-content\/uploads\/2018\/08\/Botones_Espanol_tepual-01.svg\" alt=\"\" width=\"395\" height=\"210\" \/><\/a>[\/vc_column_text][vc_column_text css=&#8221;.vc_custom_1533323764319{margin-top: 0px !important;margin-bottom: 0px !important;padding-top: 0px !important;padding-bottom: 0px !important;}&#8221;]<a href=\"https:\/\/www.aeropuertodepuertomontt.cl\/galeria\/\"><img loading=\"lazy\" decoding=\"async\" class=\"alignnone size-full wp-image-62\" src=\"https:\/\/www.aeropuertodepuertomontt.cl\/wp-content\/uploads\/2018\/08\/Botones_Espanol_tepual-05.svg\" alt=\"\" width=\"395\" height=\"210\" \/><\/a>[\/vc_column_text][vc_column_text css=&#8221;.vc_custom_1533323789462{margin-top: 0px !important;margin-bottom: 0px !important;padding-top: 0px !important;padding-bottom: 0px !important;}&#8221;]<a href=\"https:\/\/www.aeropuertodepuertomontt.cl\/resena-del-aeropuerto-de-puerto-montt\/\"><img loading=\"lazy\" decoding=\"async\" class=\"alignnone wp-image-128 size-full\" src=\"https:\/\/www.aeropuertodepuertomontt.cl\/wp-content\/uploads\/2018\/08\/Botones_Espanol_tepual-06.svg\" alt=\"\" width=\"395\" height=\"210\" \/><\/a>[\/vc_column_text][vc_column_text css=&#8221;.vc_custom_1533323807632{margin-top: 0px !important;margin-bottom: 0px !important;padding-top: 0px !important;padding-bottom: 0px !important;}&#8221;]<a href=\"https:\/\/www.aeropuertodepuertomontt.cl\/preguntas-frecuentes\/\"><img loading=\"lazy\" decoding=\"async\" class=\"alignnone wp-image-56 size-full\" src=\"https:\/\/www.aeropuertodepuertomontt.cl\/wp-content\/uploads\/2018\/08\/Botones_Espanol_tepual-03.svg\" alt=\"\" width=\"395\" height=\"210\" \/><\/a>[\/vc_column_text][vc_column_text css=&#8221;.vc_custom_1533323822111{margin-top: 0px !important;margin-bottom: 0px !important;padding-top: 0px !important;padding-bottom: 0px !important;}&#8221;]<a href=\"https:\/\/www.aeropuertodepuertomontt.cl\/conoce-el-aeropuerto\/\"><img loading=\"lazy\" decoding=\"async\" class=\"alignnone wp-image-73 size-full\" src=\"https:\/\/www.aeropuertodepuertomontt.cl\/wp-content\/uploads\/2018\/08\/Botones_Espanol_tepual-02.svg\" alt=\"\" width=\"395\" height=\"210\" \/><\/a>[\/vc_column_text][vc_column_text css=&#8221;.vc_custom_1533323834743{margin-top: 0px !important;margin-bottom: 0px !important;padding-top: 0px !important;padding-bottom: 0px !important;}&#8221;]<a href=\"https:\/\/www.aeropuertodepuertomontt.cl\/como-llegar\/\"><img loading=\"lazy\" decoding=\"async\" class=\"alignnone wp-image-78 size-full\" src=\"https:\/\/www.aeropuertodepuertomontt.cl\/wp-content\/uploads\/2018\/08\/Botones_Espanol_tepual-04.svg\" alt=\"\" width=\"395\" height=\"210\" \/><\/a>[\/vc_column_text][\/vc_column_inner][vc_column_inner width=&#8221;3\/4&#8243;][vc_column_text css=&#8221;.vc_custom_1529592830174{margin-bottom: 0px !important;}&#8221;]<\/p>\n<h1 style=\"font-size: 30px; color: #003764; text-transform: uppercase; font-weight: 600;\">Rese\u00f1a del Aeropuerto de Puerto Montt<\/h1>\n<p>[\/vc_column_text][vc_separator color=&#8221;juicy_pink&#8221; align=&#8221;align_left&#8221; border_width=&#8221;2&#8243; el_width=&#8221;20&#8243; css=&#8221;.vc_custom_1525025012605{margin-top: 10px !important;}&#8221;][vc_single_image image=&#8221;1140&#8243; img_size=&#8221;full&#8221; alignment=&#8221;center&#8221; el_class=&#8221;img-resena&#8221;][vc_column_text]<\/p>\n<p style=\"margin-top: 40px;\" align=\"justify\">El Aeropuerto El Tepual se sit\u00faa a 14 km al poniente de la ciudad de Puerto Montt, Regi\u00f3n de Los Lagos, conectado a trav\u00e9s de la ruta V-60. Se inaugur\u00f3 oficialmente El 11 de mayo de 1963 aunque su pista ya estaba lista en 1960, lo que permiti\u00f3 la operaci\u00f3n de aeronaves de diversos pa\u00edses (principalmente los C-124 Globemaster estadounidenses) tras el terremoto y maremoto de mayo de ese a\u00f1o en la ciudad del Valdivia.<\/p>\n<p align=\"justify\">Cuenta con una pista de aterrizaje con un largo de 2.650 metros y 45 metros de ancho, construida en hormig\u00f3n y pavimento asf\u00e1ltico en la cual pueden aterrizar desde aeronaves menores hasta: Airbus A319, Boeing 737, Airbus A320, Airbus A321, Boeing 757, Airbus A330, Boeing 767, Airbus A340, Boeing 777, Boeing 787 y Airbus A350.<\/p>\n<p align=\"justify\">Tiene adem\u00e1s una superficie construida total de 9.900 m2 en dos pisos, con 5 puentes de embarque, 4 posiciones remotas, sala de embarque y 4 cintas transportadoras de equipaje. La disponibilidad de estacionamientos es de 556 veh\u00edculos e incluye 8 ubicaciones para minusv\u00e1lidos.<\/p>\n<p align=\"justify\">Es el tercer Aeropuerto del pa\u00eds con mayor tr\u00e1fico de pasajeros (m\u00e1s de un mill\u00f3n y medio al a\u00f1o) tras los Aeropuertos de Arturo Merino Ben\u00edtez de Santiago y Antofagasta, este \u00faltimo con un tr\u00e1fico similar.<\/p>\n<p>[\/vc_column_text][\/vc_column_inner][\/vc_row_inner][\/vc_column][\/vc_row][vc_row full_width=&#8221;stretch_row_content&#8221; css=&#8221;.vc_custom_1525004677653{background-color: #e0e1e6 !important;}&#8221;][vc_column width=&#8221;1\/4&#8243;][vc_column_text]<\/p>\n<div style=\"width: 200px;\">\n<div style=\"float: left; margin-right: 2px;\"><img loading=\"lazy\" decoding=\"async\" class=\"alignnone size-full wp-image-138\" style=\"width: 80%; vertical-align: text-top;\" src=\"https:\/\/www.aeropuertodepuertomontt.cl\/wp-content\/uploads\/2018\/04\/icon-phone-1.png\" alt=\"\" width=\"44\" height=\"42\" \/><\/div>\n<div style=\"float: left; margin: 0px;\">\n<p style=\"margin: 0px;\">Mes\u00f3n de informaciones<\/p>\n<p style=\"margin: 0px;\">(56 65) 229 4161<\/p>\n<p style=\"margin: 0px;\">+56 9 7806 7263<\/p>\n<\/div>\n<\/div>\n<p>[\/vc_column_text][\/vc_column][vc_column width=&#8221;1\/4&#8243;][vc_column_text]<\/p>\n<div style=\"width: 262px;\">\n<div style=\"float: left; margin-right: 10px;\"><img loading=\"lazy\" decoding=\"async\" style=\"width: 80%;\" src=\"https:\/\/www.aeropuertodepuertomontt.cl\/wp-content\/uploads\/2018\/04\/location-icon.png\" alt=\"\" width=\"44\" height=\"42\" \/><\/div>\n<div style=\"float: left; margin: 0px;\">\n<p style=\"margin: 0px;\">Edificio Terminal de pasajeros,<\/p>\n<p style=\"margin: 0px;\">Aeropuerto El Tepual Puerto Montt<\/p>\n<p style=\"margin: 0px;\">Regi\u00f3n de los Lagos, Chile.<\/p>\n<\/div>\n<\/div>\n<p>[\/vc_column_text][\/vc_column][vc_column width=&#8221;1\/4&#8243;][vc_btn title=&#8221;Canal \u00c9tico&#8221; align=&#8221;center&#8221; link=&#8221;url:https%3A%2F%2Fsacyr.com%2Fcanal-etico&#8221;][\/vc_column][vc_column width=&#8221;1\/4&#8243;][vc_column_text]<img loading=\"lazy\" decoding=\"async\" class=\"wp-image-187 size-full aligncenter\" src=\"https:\/\/aeropuertodepuertomontt.cl\/wp-content\/uploads\/2024\/04\/logos-footer.png\" alt=\"\" width=\"424\" height=\"73\" \/>[\/vc_column_text][vc_column_text]<\/p>\n<div><a style=\"float: right; padding-right: 20px; text-decoration: none; color: #626262;\" href=\"https:\/\/www.aipchile.gob.cl\/\">AIP CHILE DGAC<\/a><\/div>\n<p>[\/vc_column_text][\/vc_column][\/vc_row]<\/p>\n<\/section>","protected":false},"excerpt":{"rendered":"<p>[vc_row full_width=&#8221;stretch_row_content&#8221; css=&#8221;.vc_custom_1525024255825{margin-top: 0px !important;margin-bottom: 0px !important;padding-top: 0px !important;padding-bottom: 0px !important;}&#8221;][vc_column css=&#8221;.vc_custom_1532699113036{margin-top: 0px !important;padding-top: 0px !important;padding-right: 0px !important;padding-left: 0px !important;}&#8221; el_id=&#8221;wrap-rese\u00f1a&#8221; el_class=&#8221;wrap-rese\u00f1a&#8221;][vc_row_inner css=&#8221;.vc_custom_1525025096095{margin-top: 40px !important;margin-bottom: 0px<span class=\"excerpt-hellip\"> [\u2026]<\/span><\/p>\n","protected":false},"author":1004,"featured_media":0,"parent":0,"menu_order":0,"comment_status":"closed","ping_status":"open","template":"","meta":{"footnotes":""},"class_list":["post-901","page","type-page","status-publish","hentry"],"_links":{"self":[{"href":"https:\/\/aeropuertodepuertomontt.cl\/en\/wp-json\/wp\/v2\/pages\/901","targetHints":{"allow":["GET"]}}],"collection":[{"href":"https:\/\/aeropuertodepuertomontt.cl\/en\/wp-json\/wp\/v2\/pages"}],"about":[{"href":"https:\/\/aeropuertodepuertomontt.cl\/en\/wp-json\/wp\/v2\/types\/page"}],"author":[{"embeddable":true,"href":"https:\/\/aeropuertodepuertomontt.cl\/en\/wp-json\/wp\/v2\/users\/1004"}],"replies":[{"embeddable":true,"href":"https:\/\/aeropuertodepuertomontt.cl\/en\/wp-json\/wp\/v2\/comments?post=901"}],"version-history":[{"count":26,"href":"https:\/\/aeropuertodepuertomontt.cl\/en\/wp-json\/wp\/v2\/pages\/901\/revisions"}],"predecessor-version":[{"id":2246,"href":"https:\/\/aeropuertodepuertomontt.cl\/en\/wp-json\/wp\/v2\/pages\/901\/revisions\/2246"}],"wp:attachment":[{"href":"https:\/\/aeropuertodepuertomontt.cl\/en\/wp-json\/wp\/v2\/media?parent=901"}],"curies":[{"name":"wp","href":"https:\/\/api.w.org\/{rel}","templated":true}]}}